{"id":27,"date":"2019-06-25T15:08:17","date_gmt":"2019-06-25T13:08:17","guid":{"rendered":"https:\/\/quellhoefle.de\/?page_id=27"},"modified":"2025-10-07T09:09:40","modified_gmt":"2025-10-07T07:09:40","slug":"weg-verwaltung","status":"publish","type":"page","link":"https:\/\/quellhoefle.de\/index.php\/unsere-leistungen\/weg-verwaltung\/","title":{"rendered":"WEG-Verwaltung"},"content":{"rendered":"\t\t<div data-elementor-type=\"wp-page\" data-elementor-id=\"27\" class=\"elementor elementor-27\">\n\t\t\t\t\t\t<section class=\"elementor-section elementor-top-section elementor-element elementor-element-2b22ad1b elementor-section-full_width elementor-section-height-default elementor-section-height-default\" data-id=\"2b22ad1b\" data-element_type=\"section\" data-e-type=\"section\">\n\t\t\t\t\t\t<div class=\"elementor-container elementor-column-gap-default\">\n\t\t\t\t\t<div class=\"elementor-column elementor-col-100 elementor-top-column elementor-element elementor-element-86aa5fc\" data-id=\"86aa5fc\" data-element_type=\"column\" data-e-type=\"column\">\n\t\t\t<div class=\"elementor-widget-wrap elementor-element-populated\">\n\t\t\t\t\t\t<div class=\"elementor-element elementor-element-646a6cea elementor-widget elementor-widget-shortcode\" data-id=\"646a6cea\" data-element_type=\"widget\" data-e-type=\"widget\" data-widget_type=\"shortcode.default\">\n\t\t\t\t<div class=\"elementor-widget-container\">\n\t\t\t\t\t\t\t<div class=\"elementor-shortcode\">\n\t\t\t<!-- START quell REVOLUTION SLIDER 6.5.25 --><p class=\"rs-p-wp-fix\"><\/p>\n\t\t\t<rs-module-wrap id=\"rev_slider_1_1_wrapper\" data-source=\"gallery\" style=\"visibility:hidden;background:transparent;padding:0;margin:0px auto;margin-top:0;margin-bottom:0;\">\n\t\t\t\t<rs-module id=\"rev_slider_1_1\" style=\"\" data-version=\"6.5.25\">\n\t\t\t\t\t<rs-slides>\n\t\t\t\t\t\t<rs-slide style=\"position: absolute;\" data-key=\"rs-2\" data-title=\"Slide\" data-thumb=\"\/\/quellhoefle.de\/wp-content\/uploads\/2019\/06\/02_Ziegeleistrasse-100x50.jpg\" data-in=\"o:0;\" data-out=\"a:false;\">\n\t\t\t\t\t\t\t<img fetchpriority=\"high\" decoding=\"async\" src=\"\/\/quellhoefle.de\/wp-content\/plugins\/revslider\/public\/assets\/assets\/dummy.png\" alt=\"\" title=\"05_Referenzen_Donauresidenz\" width=\"2500\" height=\"2000\" class=\"rev-slidebg tp-rs-img rs-lazyload\" data-lazyload=\"\/\/quellhoefle.de\/wp-content\/uploads\/2020\/07\/05_Referenzen_Donauresidenz.jpg\" data-no-retina>\n<!---->\t\t\t\t\t\t<\/rs-slide>\n\t\t\t\t\t\t<rs-slide style=\"position: absolute;\" data-key=\"rs-1\" data-title=\"Slide\" data-thumb=\"\/\/quellhoefle.de\/wp-content\/uploads\/2020\/07\/09_Referenzen_Faerberstr-100x50.jpg\" data-in=\"o:0;\" data-out=\"a:false;\">\n\t\t\t\t\t\t\t<img decoding=\"async\" src=\"\/\/quellhoefle.de\/wp-content\/plugins\/revslider\/public\/assets\/assets\/dummy.png\" alt=\"\" title=\"09_Referenzen_Faerberstr\" width=\"2500\" height=\"2000\" class=\"rev-slidebg tp-rs-img rs-lazyload\" data-lazyload=\"\/\/quellhoefle.de\/wp-content\/uploads\/2020\/07\/09_Referenzen_Faerberstr.jpg\" data-no-retina>\n<!---->\t\t\t\t\t\t<\/rs-slide>\n\t\t\t\t\t\t<rs-slide style=\"position: absolute;\" data-key=\"rs-3\" data-title=\"Slide\" data-thumb=\"\/\/quellhoefle.de\/wp-content\/uploads\/2019\/06\/03_Hagelrainstrasse-17a-100x50.jpg\" data-in=\"o:0;\" data-out=\"a:false;\">\n\t\t\t\t\t\t\t<img decoding=\"async\" src=\"\/\/quellhoefle.de\/wp-content\/plugins\/revslider\/public\/assets\/assets\/dummy.png\" alt=\"\" title=\"04_Referenzen_Schulstr\" width=\"2500\" height=\"2000\" class=\"rev-slidebg tp-rs-img rs-lazyload\" data-lazyload=\"\/\/quellhoefle.de\/wp-content\/uploads\/2020\/07\/04_Referenzen_Schulstr.jpg\" data-no-retina>\n<!---->\t\t\t\t\t\t<\/rs-slide>\n\t\t\t\t\t\t<rs-slide style=\"position: absolute;\" data-key=\"rs-4\" data-title=\"Slide\" data-thumb=\"\/\/quellhoefle.de\/wp-content\/uploads\/2019\/06\/04_P1030163-100x50.jpg\" data-in=\"o:0;\" data-out=\"a:false;\">\n\t\t\t\t\t\t\t<img decoding=\"async\" src=\"\/\/quellhoefle.de\/wp-content\/plugins\/revslider\/public\/assets\/assets\/dummy.png\" alt=\"\" title=\"WEG-Verwaltung\" class=\"rev-slidebg tp-rs-img rs-lazyload\" data-lazyload=\"\/\/quellhoefle.de\/wp-content\/uploads\/2019\/06\/04_P1030163.jpg\" data-no-retina>\n<!---->\t\t\t\t\t\t<\/rs-slide>\n\t\t\t\t\t<\/rs-slides>\n\t\t\t\t<\/rs-module>\n\t\t\t\t<script>\n\t\t\t\t\tsetREVStartSize({c: 'rev_slider_1_1',rl:[1240,1024,778,480],el:[450,500,550,500],gw:[1240,1024,778,480],gh:[450,350,450,400],type:'standard',justify:'',layout:'fullwidth',mh:\"0\"});if (window.RS_MODULES!==undefined && window.RS_MODULES.modules!==undefined && window.RS_MODULES.modules[\"revslider11\"]!==undefined) {window.RS_MODULES.modules[\"revslider11\"].once = false;window.revapi1 = undefined;if (window.RS_MODULES.checkMinimal!==undefined) window.RS_MODULES.checkMinimal()}\n\t\t\t\t<\/script>\n\t\t\t<\/rs-module-wrap>\n\t\t\t<!-- END REVOLUTION SLIDER -->\n<\/div>\n\t\t\t\t\t\t<\/div>\n\t\t\t\t<\/div>\n\t\t\t\t\t<\/div>\n\t\t<\/div>\n\t\t\t\t\t<\/div>\n\t\t<\/section>\n\t\t\t\t<section class=\"elementor-section elementor-top-section elementor-element elementor-element-27c691f1 elementor-section-boxed elementor-section-height-default elementor-section-height-default\" data-id=\"27c691f1\" data-element_type=\"section\" data-e-type=\"section\">\n\t\t\t\t\t\t<div class=\"elementor-container elementor-column-gap-default\">\n\t\t\t\t\t<div class=\"elementor-column elementor-col-100 elementor-top-column elementor-element elementor-element-420b686c\" data-id=\"420b686c\" data-element_type=\"column\" data-e-type=\"column\">\n\t\t\t<div class=\"elementor-widget-wrap elementor-element-populated\">\n\t\t\t\t\t\t<section class=\"elementor-section elementor-inner-section elementor-element elementor-element-3301aa9e elementor-section-boxed elementor-section-height-default elementor-section-height-default\" data-id=\"3301aa9e\" data-element_type=\"section\" data-e-type=\"section\">\n\t\t\t\t\t\t<div class=\"elementor-container elementor-column-gap-default\">\n\t\t\t\t\t<div class=\"elementor-column elementor-col-25 elementor-inner-column elementor-element elementor-element-56bd7c0b\" data-id=\"56bd7c0b\" data-element_type=\"column\" data-e-type=\"column\">\n\t\t\t<div class=\"elementor-widget-wrap elementor-element-populated\">\n\t\t\t\t\t\t<div class=\"elementor-element elementor-element-58d25681 elementor-view-stacked elementor-shape-circle elementor-position-block-start elementor-mobile-position-block-start elementor-widget elementor-widget-icon-box\" data-id=\"58d25681\" data-element_type=\"widget\" data-e-type=\"widget\" data-widget_type=\"icon-box.default\">\n\t\t\t\t<div class=\"elementor-widget-container\">\n\t\t\t\t\t\t\t<div class=\"elementor-icon-box-wrapper\">\n\n\t\t\t\t\t\t<div class=\"elementor-icon-box-icon\">\n\t\t\t\t<a href=\"https:\/\/quellhoefle.de\/index.php\/unsere-leistungen\/weg-verwaltung\/\" class=\"elementor-icon\" tabindex=\"-1\" aria-label=\"WEG-Verwaltung\">\n\t\t\t\t<i aria-hidden=\"true\" class=\"far fa-address-card\"><\/i>\t\t\t\t<\/a>\n\t\t\t<\/div>\n\t\t\t\n\t\t\t\t\t\t<div class=\"elementor-icon-box-content\">\n\n\t\t\t\t\t\t\t\t\t<h3 class=\"elementor-icon-box-title\">\n\t\t\t\t\t\t<a href=\"https:\/\/quellhoefle.de\/index.php\/unsere-leistungen\/weg-verwaltung\/\" >\n\t\t\t\t\t\t\tWEG-Verwaltung\t\t\t\t\t\t<\/a>\n\t\t\t\t\t<\/h3>\n\t\t\t\t\n\t\t\t\t\n\t\t\t<\/div>\n\t\t\t\n\t\t<\/div>\n\t\t\t\t\t\t<\/div>\n\t\t\t\t<\/div>\n\t\t\t\t\t<\/div>\n\t\t<\/div>\n\t\t\t\t<div class=\"elementor-column elementor-col-25 elementor-inner-column elementor-element elementor-element-54f23e07\" data-id=\"54f23e07\" data-element_type=\"column\" data-e-type=\"column\">\n\t\t\t<div class=\"elementor-widget-wrap elementor-element-populated\">\n\t\t\t\t\t\t<div class=\"elementor-element elementor-element-5d6ad797 elementor-view-stacked elementor-shape-circle elementor-position-block-start elementor-mobile-position-block-start elementor-widget elementor-widget-icon-box\" data-id=\"5d6ad797\" data-element_type=\"widget\" data-e-type=\"widget\" data-widget_type=\"icon-box.default\">\n\t\t\t\t<div class=\"elementor-widget-container\">\n\t\t\t\t\t\t\t<div class=\"elementor-icon-box-wrapper\">\n\n\t\t\t\t\t\t<div class=\"elementor-icon-box-icon\">\n\t\t\t\t<a href=\"https:\/\/quellhoefle.de\/index.php\/unsere-leistungen\/mietverwaltung\/\" class=\"elementor-icon\" tabindex=\"-1\" aria-label=\"Mietverwaltung\">\n\t\t\t\t<i aria-hidden=\"true\" class=\"far fa-address-book\"><\/i>\t\t\t\t<\/a>\n\t\t\t<\/div>\n\t\t\t\n\t\t\t\t\t\t<div class=\"elementor-icon-box-content\">\n\n\t\t\t\t\t\t\t\t\t<h3 class=\"elementor-icon-box-title\">\n\t\t\t\t\t\t<a href=\"https:\/\/quellhoefle.de\/index.php\/unsere-leistungen\/mietverwaltung\/\" >\n\t\t\t\t\t\t\tMietverwaltung\t\t\t\t\t\t<\/a>\n\t\t\t\t\t<\/h3>\n\t\t\t\t\n\t\t\t\t\n\t\t\t<\/div>\n\t\t\t\n\t\t<\/div>\n\t\t\t\t\t\t<\/div>\n\t\t\t\t<\/div>\n\t\t\t\t\t<\/div>\n\t\t<\/div>\n\t\t\t\t<div class=\"elementor-column elementor-col-25 elementor-inner-column elementor-element elementor-element-cdefe4a\" data-id=\"cdefe4a\" data-element_type=\"column\" data-e-type=\"column\">\n\t\t\t<div class=\"elementor-widget-wrap elementor-element-populated\">\n\t\t\t\t\t\t<div class=\"elementor-element elementor-element-44b697d5 elementor-view-stacked elementor-shape-circle elementor-position-block-start elementor-mobile-position-block-start elementor-widget elementor-widget-icon-box\" data-id=\"44b697d5\" data-element_type=\"widget\" data-e-type=\"widget\" data-widget_type=\"icon-box.default\">\n\t\t\t\t<div class=\"elementor-widget-container\">\n\t\t\t\t\t\t\t<div class=\"elementor-icon-box-wrapper\">\n\n\t\t\t\t\t\t<div class=\"elementor-icon-box-icon\">\n\t\t\t\t<a href=\"https:\/\/quellhoefle.de\/index.php\/unsere-leistungen\/gewerbeverwaltung\/\" class=\"elementor-icon\" tabindex=\"-1\" aria-label=\"Gewerbeverwaltung\">\n\t\t\t\t<i aria-hidden=\"true\" class=\"fas fa-warehouse\"><\/i>\t\t\t\t<\/a>\n\t\t\t<\/div>\n\t\t\t\n\t\t\t\t\t\t<div class=\"elementor-icon-box-content\">\n\n\t\t\t\t\t\t\t\t\t<h3 class=\"elementor-icon-box-title\">\n\t\t\t\t\t\t<a href=\"https:\/\/quellhoefle.de\/index.php\/unsere-leistungen\/gewerbeverwaltung\/\" >\n\t\t\t\t\t\t\tGewerbeverwaltung\t\t\t\t\t\t<\/a>\n\t\t\t\t\t<\/h3>\n\t\t\t\t\n\t\t\t\t\n\t\t\t<\/div>\n\t\t\t\n\t\t<\/div>\n\t\t\t\t\t\t<\/div>\n\t\t\t\t<\/div>\n\t\t\t\t\t<\/div>\n\t\t<\/div>\n\t\t\t\t<div class=\"elementor-column elementor-col-25 elementor-inner-column elementor-element elementor-element-622cf283\" data-id=\"622cf283\" data-element_type=\"column\" data-e-type=\"column\">\n\t\t\t<div class=\"elementor-widget-wrap elementor-element-populated\">\n\t\t\t\t\t\t<div class=\"elementor-element elementor-element-5cd719b1 elementor-view-stacked elementor-shape-circle elementor-position-block-start elementor-mobile-position-block-start elementor-widget elementor-widget-icon-box\" data-id=\"5cd719b1\" data-element_type=\"widget\" data-e-type=\"widget\" data-widget_type=\"icon-box.default\">\n\t\t\t\t<div class=\"elementor-widget-container\">\n\t\t\t\t\t\t\t<div class=\"elementor-icon-box-wrapper\">\n\n\t\t\t\t\t\t<div class=\"elementor-icon-box-icon\">\n\t\t\t\t<a href=\"https:\/\/quellhoefle.de\/index.php\/unsere-leistungen\/facility-management\/\" class=\"elementor-icon\" tabindex=\"-1\" aria-label=\"Facility Management\">\n\t\t\t\t<i aria-hidden=\"true\" class=\"fas fa-lightbulb\"><\/i>\t\t\t\t<\/a>\n\t\t\t<\/div>\n\t\t\t\n\t\t\t\t\t\t<div class=\"elementor-icon-box-content\">\n\n\t\t\t\t\t\t\t\t\t<h3 class=\"elementor-icon-box-title\">\n\t\t\t\t\t\t<a href=\"https:\/\/quellhoefle.de\/index.php\/unsere-leistungen\/facility-management\/\" >\n\t\t\t\t\t\t\tFacility Management\t\t\t\t\t\t<\/a>\n\t\t\t\t\t<\/h3>\n\t\t\t\t\n\t\t\t\t\n\t\t\t<\/div>\n\t\t\t\n\t\t<\/div>\n\t\t\t\t\t\t<\/div>\n\t\t\t\t<\/div>\n\t\t\t\t\t<\/div>\n\t\t<\/div>\n\t\t\t\t\t<\/div>\n\t\t<\/section>\n\t\t\t\t<div class=\"elementor-element elementor-element-57218b03 elementor-widget-divider--view-line elementor-widget elementor-widget-divider\" data-id=\"57218b03\" data-element_type=\"widget\" data-e-type=\"widget\" data-widget_type=\"divider.default\">\n\t\t\t\t<div class=\"elementor-widget-container\">\n\t\t\t\t\t\t\t<div class=\"elementor-divider\">\n\t\t\t<span class=\"elementor-divider-separator\">\n\t\t\t\t\t\t<\/span>\n\t\t<\/div>\n\t\t\t\t\t\t<\/div>\n\t\t\t\t<\/div>\n\t\t\t\t<div class=\"elementor-element elementor-element-32b90ae7 elementor-position-inline-start elementor-view-default elementor-mobile-position-block-start elementor-widget elementor-widget-icon-box\" data-id=\"32b90ae7\" data-element_type=\"widget\" data-e-type=\"widget\" data-widget_type=\"icon-box.default\">\n\t\t\t\t<div class=\"elementor-widget-container\">\n\t\t\t\t\t\t\t<div class=\"elementor-icon-box-wrapper\">\n\n\t\t\t\t\t\t<div class=\"elementor-icon-box-icon\">\n\t\t\t\t<span  class=\"elementor-icon\">\n\t\t\t\t<svg xmlns=\"http:\/\/www.w3.org\/2000\/svg\" id=\"Ebene_1\" data-name=\"Ebene 1\" viewBox=\"0 0 91.67 235.45\"><defs><style>.cls-1{fill:#ca181a;}<\/style><\/defs><title>dreieck<\/title><polygon class=\"cls-1\" points=\"0 235.45 91.67 117.73 0 0 0 235.45\"><\/polygon><\/svg>\t\t\t\t<\/span>\n\t\t\t<\/div>\n\t\t\t\n\t\t\t\t\t\t<div class=\"elementor-icon-box-content\">\n\n\t\t\t\t\t\t\t\t\t<h1 class=\"elementor-icon-box-title\">\n\t\t\t\t\t\t<span  >\n\t\t\t\t\t\t\tWEG-Verwaltung\t\t\t\t\t\t<\/span>\n\t\t\t\t\t<\/h1>\n\t\t\t\t\n\t\t\t\t\n\t\t\t<\/div>\n\t\t\t\n\t\t<\/div>\n\t\t\t\t\t\t<\/div>\n\t\t\t\t<\/div>\n\t\t\t\t<div class=\"elementor-element elementor-element-515af46b elementor-widget elementor-widget-text-editor\" data-id=\"515af46b\" data-element_type=\"widget\" data-e-type=\"widget\" data-widget_type=\"text-editor.default\">\n\t\t\t\t<div class=\"elementor-widget-container\">\n\t\t\t\t\t\t\t\t\t<p>Die Quellh\u00f6fle GmbH befasst sich seit \u00fcber 20 Jahren mit der Verwaltung von Wohnungseigentum nach dem Wohnungseigentumsgesetz.<\/p><p>Mit den Eigent\u00fcmern der von uns verwalteten Objekte besteht ohne Ausnahme ein positives Verh\u00e4ltnis in der Zusammenarbeit.<\/p><p><strong>Folgende Grunds\u00e4tze und Aufgaben bestimmen unsere T\u00e4tigkeit bei der Verwaltung des gemeinschaftlichen Eigentums einer Wohnungseigentumsanlage:<\/strong><\/p><ul><li>Wir legen gro\u00dfen Wert auf eine enge Zusammenarbeit mit den jeweiligen Verwaltungsbeir\u00e4ten<\/li><li>Auf Wunsch Teilnahme an Besprechungen<\/li><li>Abstimmung aller Ma\u00dfnahmen, die \u00fcber die routinem\u00e4\u00dfige Verwaltungsarbeit hinaus gehen<\/li><li>\u00dcbergabe aller Kopien wichtiger Vorg\u00e4nge an die Verwaltungsbeir\u00e4te<\/li><li>Darstellung der Verwaltung in gr\u00f6\u00dfter Transparenz f\u00fcr alle Wohnungseigent\u00fcmer durch ausf\u00fchrliche Wirtschaftspl\u00e4ne, Wohngeldabrechnungen, Niederschriften und, falls notwendig, Rundschreiben.<\/li><li>Pers\u00f6nliche Vorsprache bei den Wohnungseigent\u00fcmern bei anstehenden Problemen ohne langen Schriftverkehr.<\/li><li>Zeitnahe Erledigung aller Auftr\u00e4ge der Wohnungseigent\u00fcmerversammlungen<\/li><li>Regelm\u00e4\u00dfige Begehungen der Liegenschaft mit Bericht \u00fcber getroffene Feststellungen an den Verwaltungsbeirat<\/li><li>Sofortige Einleitung von Ma\u00dfnahmen bei der Feststellung von M\u00e4ngeln und Missst\u00e4nden<\/li><li>J\u00e4hrliche Vorbereitung, Einberufung und Durchf\u00fchrung der ordentlichen Eigent\u00fcmerversammlung<\/li><li>Aufstellung eines Wirtschaftsplans<\/li><li>Erstellen der j\u00e4hrlichen Abrechnung und Rechnungslegung<\/li><li>Verwaltung der gemeinschaftlichen Gelder<\/li><li>Durchf\u00fchrung von baulichen Ma\u00dfnahmen, Instandsetzung und Instandhaltung einschlie\u00dflich Beauftragung und Kontrolle<\/li><li>Meldung von Sch\u00e4den an die Versicherung sofern sie das Gemeinschaftseigentum betreffen<\/li><li>Regelm\u00e4\u00dfige Vertragsverhandlungen und Preisvergleiche bei Versorgungsunternehmen<\/li><\/ul><p>Die von uns zu erbringenden Leistungen ergeben sich aus dem Wohnungseigentumsgesetz, der jeweiligen Teilungserkl\u00e4rung und dem abzuschlie\u00dfenden Verwaltervertrag. Dieser sollte den besonderen Belangen der Liegenschaft Rechnung tragen.<\/p>\t\t\t\t\t\t\t\t<\/div>\n\t\t\t\t<\/div>\n\t\t\t\t\t<\/div>\n\t\t<\/div>\n\t\t\t\t\t<\/div>\n\t\t<\/section>\n\t\t\t\t<\/div>\n\t\t","protected":false},"excerpt":{"rendered":"<p>WEG-Verwaltung Mietverwaltung Gewerbeverwaltung Facility Management dreieck WEG-Verwaltung Die Quellh\u00f6fle GmbH befasst sich seit \u00fcber 20 Jahren mit der Verwaltung von Wohnungseigentum nach dem Wohnungseigentumsgesetz. Mit den Eigent\u00fcmern der von uns verwalteten Objekte besteht ohne Ausnahme ein positives Verh\u00e4ltnis in der &hellip; <a class=\"kt-excerpt-readmore\" href=\"https:\/\/quellhoefle.de\/index.php\/unsere-leistungen\/weg-verwaltung\/\" aria-label=\"WEG-Verwaltung\">Weiterlesen<\/a><\/p>\n","protected":false},"author":1,"featured_media":0,"parent":17,"menu_order":0,"comment_status":"closed","ping_status":"closed","template":"elementor_header_footer","meta":{"footnotes":""},"class_list":["post-27","page","type-page","status-publish","hentry"],"_links":{"self":[{"href":"https:\/\/quellhoefle.de\/index.php\/wp-json\/wp\/v2\/pages\/27","targetHints":{"allow":["GET"]}}],"collection":[{"href":"https:\/\/quellhoefle.de\/index.php\/wp-json\/wp\/v2\/pages"}],"about":[{"href":"https:\/\/quellhoefle.de\/index.php\/wp-json\/wp\/v2\/types\/page"}],"author":[{"embeddable":true,"href":"https:\/\/quellhoefle.de\/index.php\/wp-json\/wp\/v2\/users\/1"}],"replies":[{"embeddable":true,"href":"https:\/\/quellhoefle.de\/index.php\/wp-json\/wp\/v2\/comments?post=27"}],"version-history":[{"count":0,"href":"https:\/\/quellhoefle.de\/index.php\/wp-json\/wp\/v2\/pages\/27\/revisions"}],"up":[{"embeddable":true,"href":"https:\/\/quellhoefle.de\/index.php\/wp-json\/wp\/v2\/pages\/17"}],"wp:attachment":[{"href":"https:\/\/quellhoefle.de\/index.php\/wp-json\/wp\/v2\/media?parent=27"}],"curies":[{"name":"wp","href":"https:\/\/api.w.org\/{rel}","templated":true}]}}