{"id":32,"date":"2019-06-25T15:13:25","date_gmt":"2019-06-25T13:13:25","guid":{"rendered":"https:\/\/quellhoefle.de\/?page_id=32"},"modified":"2025-10-07T09:09:15","modified_gmt":"2025-10-07T07:09:15","slug":"mietverwaltung","status":"publish","type":"page","link":"https:\/\/quellhoefle.de\/index.php\/unsere-leistungen\/mietverwaltung\/","title":{"rendered":"Mietverwaltung"},"content":{"rendered":"\t\t<div data-elementor-type=\"wp-page\" data-elementor-id=\"32\" class=\"elementor elementor-32\">\n\t\t\t\t\t\t<section class=\"elementor-section elementor-top-section elementor-element elementor-element-5e4c5263 elementor-section-full_width elementor-section-height-default elementor-section-height-default\" data-id=\"5e4c5263\" data-element_type=\"section\" data-e-type=\"section\">\n\t\t\t\t\t\t<div class=\"elementor-container elementor-column-gap-default\">\n\t\t\t\t\t<div class=\"elementor-column elementor-col-100 elementor-top-column elementor-element elementor-element-6b6bdb2c\" data-id=\"6b6bdb2c\" data-element_type=\"column\" data-e-type=\"column\">\n\t\t\t<div class=\"elementor-widget-wrap elementor-element-populated\">\n\t\t\t\t\t\t<div class=\"elementor-element elementor-element-593eac99 elementor-widget elementor-widget-shortcode\" data-id=\"593eac99\" data-element_type=\"widget\" data-e-type=\"widget\" data-widget_type=\"shortcode.default\">\n\t\t\t\t<div class=\"elementor-widget-container\">\n\t\t\t\t\t\t\t<div class=\"elementor-shortcode\">\n\t\t\t<!-- START quell REVOLUTION SLIDER 6.5.25 --><p class=\"rs-p-wp-fix\"><\/p>\n\t\t\t<rs-module-wrap id=\"rev_slider_1_1_wrapper\" data-source=\"gallery\" style=\"visibility:hidden;background:transparent;padding:0;margin:0px auto;margin-top:0;margin-bottom:0;\">\n\t\t\t\t<rs-module id=\"rev_slider_1_1\" style=\"\" data-version=\"6.5.25\">\n\t\t\t\t\t<rs-slides>\n\t\t\t\t\t\t<rs-slide style=\"position: absolute;\" data-key=\"rs-2\" data-title=\"Slide\" data-thumb=\"\/\/quellhoefle.de\/wp-content\/uploads\/2019\/06\/02_Ziegeleistrasse-100x50.jpg\" data-in=\"o:0;\" data-out=\"a:false;\">\n\t\t\t\t\t\t\t<img fetchpriority=\"high\" decoding=\"async\" src=\"\/\/quellhoefle.de\/wp-content\/plugins\/revslider\/public\/assets\/assets\/dummy.png\" alt=\"\" title=\"05_Referenzen_Donauresidenz\" width=\"2500\" height=\"2000\" class=\"rev-slidebg tp-rs-img rs-lazyload\" data-lazyload=\"\/\/quellhoefle.de\/wp-content\/uploads\/2020\/07\/05_Referenzen_Donauresidenz.jpg\" data-no-retina>\n<!---->\t\t\t\t\t\t<\/rs-slide>\n\t\t\t\t\t\t<rs-slide style=\"position: absolute;\" data-key=\"rs-1\" data-title=\"Slide\" data-thumb=\"\/\/quellhoefle.de\/wp-content\/uploads\/2020\/07\/09_Referenzen_Faerberstr-100x50.jpg\" data-in=\"o:0;\" data-out=\"a:false;\">\n\t\t\t\t\t\t\t<img decoding=\"async\" src=\"\/\/quellhoefle.de\/wp-content\/plugins\/revslider\/public\/assets\/assets\/dummy.png\" alt=\"\" title=\"09_Referenzen_Faerberstr\" width=\"2500\" height=\"2000\" class=\"rev-slidebg tp-rs-img rs-lazyload\" data-lazyload=\"\/\/quellhoefle.de\/wp-content\/uploads\/2020\/07\/09_Referenzen_Faerberstr.jpg\" data-no-retina>\n<!---->\t\t\t\t\t\t<\/rs-slide>\n\t\t\t\t\t\t<rs-slide style=\"position: absolute;\" data-key=\"rs-3\" data-title=\"Slide\" data-thumb=\"\/\/quellhoefle.de\/wp-content\/uploads\/2019\/06\/03_Hagelrainstrasse-17a-100x50.jpg\" data-in=\"o:0;\" data-out=\"a:false;\">\n\t\t\t\t\t\t\t<img decoding=\"async\" src=\"\/\/quellhoefle.de\/wp-content\/plugins\/revslider\/public\/assets\/assets\/dummy.png\" alt=\"\" title=\"04_Referenzen_Schulstr\" width=\"2500\" height=\"2000\" class=\"rev-slidebg tp-rs-img rs-lazyload\" data-lazyload=\"\/\/quellhoefle.de\/wp-content\/uploads\/2020\/07\/04_Referenzen_Schulstr.jpg\" data-no-retina>\n<!---->\t\t\t\t\t\t<\/rs-slide>\n\t\t\t\t\t\t<rs-slide style=\"position: absolute;\" data-key=\"rs-4\" data-title=\"Slide\" data-thumb=\"\/\/quellhoefle.de\/wp-content\/uploads\/2019\/06\/04_P1030163-100x50.jpg\" data-in=\"o:0;\" data-out=\"a:false;\">\n\t\t\t\t\t\t\t<img decoding=\"async\" src=\"\/\/quellhoefle.de\/wp-content\/plugins\/revslider\/public\/assets\/assets\/dummy.png\" alt=\"\" title=\"Mietverwaltung\" class=\"rev-slidebg tp-rs-img rs-lazyload\" data-lazyload=\"\/\/quellhoefle.de\/wp-content\/uploads\/2019\/06\/04_P1030163.jpg\" data-no-retina>\n<!---->\t\t\t\t\t\t<\/rs-slide>\n\t\t\t\t\t<\/rs-slides>\n\t\t\t\t<\/rs-module>\n\t\t\t\t<script>\n\t\t\t\t\tsetREVStartSize({c: 'rev_slider_1_1',rl:[1240,1024,778,480],el:[450,500,550,500],gw:[1240,1024,778,480],gh:[450,350,450,400],type:'standard',justify:'',layout:'fullwidth',mh:\"0\"});if (window.RS_MODULES!==undefined && window.RS_MODULES.modules!==undefined && window.RS_MODULES.modules[\"revslider11\"]!==undefined) {window.RS_MODULES.modules[\"revslider11\"].once = false;window.revapi1 = undefined;if (window.RS_MODULES.checkMinimal!==undefined) window.RS_MODULES.checkMinimal()}\n\t\t\t\t<\/script>\n\t\t\t<\/rs-module-wrap>\n\t\t\t<!-- END REVOLUTION SLIDER -->\n<\/div>\n\t\t\t\t\t\t<\/div>\n\t\t\t\t<\/div>\n\t\t\t\t\t<\/div>\n\t\t<\/div>\n\t\t\t\t\t<\/div>\n\t\t<\/section>\n\t\t\t\t<section class=\"elementor-section elementor-top-section elementor-element elementor-element-597a7c90 elementor-section-boxed elementor-section-height-default elementor-section-height-default\" data-id=\"597a7c90\" data-element_type=\"section\" data-e-type=\"section\">\n\t\t\t\t\t\t<div class=\"elementor-container elementor-column-gap-default\">\n\t\t\t\t\t<div class=\"elementor-column elementor-col-100 elementor-top-column elementor-element elementor-element-75bb886a\" data-id=\"75bb886a\" data-element_type=\"column\" data-e-type=\"column\">\n\t\t\t<div class=\"elementor-widget-wrap elementor-element-populated\">\n\t\t\t\t\t\t<section class=\"elementor-section elementor-inner-section elementor-element elementor-element-4e06cc0c elementor-section-boxed elementor-section-height-default elementor-section-height-default\" data-id=\"4e06cc0c\" data-element_type=\"section\" data-e-type=\"section\">\n\t\t\t\t\t\t<div class=\"elementor-container elementor-column-gap-default\">\n\t\t\t\t\t<div class=\"elementor-column elementor-col-25 elementor-inner-column elementor-element elementor-element-6b76c0a9\" data-id=\"6b76c0a9\" data-element_type=\"column\" data-e-type=\"column\">\n\t\t\t<div class=\"elementor-widget-wrap elementor-element-populated\">\n\t\t\t\t\t\t<div class=\"elementor-element elementor-element-3403db4d elementor-view-stacked elementor-shape-circle elementor-position-block-start elementor-mobile-position-block-start elementor-widget elementor-widget-icon-box\" data-id=\"3403db4d\" data-element_type=\"widget\" data-e-type=\"widget\" data-widget_type=\"icon-box.default\">\n\t\t\t\t<div class=\"elementor-widget-container\">\n\t\t\t\t\t\t\t<div class=\"elementor-icon-box-wrapper\">\n\n\t\t\t\t\t\t<div class=\"elementor-icon-box-icon\">\n\t\t\t\t<a href=\"https:\/\/quellhoefle.de\/index.php\/unsere-leistungen\/weg-verwaltung\/\" class=\"elementor-icon\" tabindex=\"-1\" aria-label=\"WEG-Verwaltung\">\n\t\t\t\t<i aria-hidden=\"true\" class=\"far fa-address-card\"><\/i>\t\t\t\t<\/a>\n\t\t\t<\/div>\n\t\t\t\n\t\t\t\t\t\t<div class=\"elementor-icon-box-content\">\n\n\t\t\t\t\t\t\t\t\t<h3 class=\"elementor-icon-box-title\">\n\t\t\t\t\t\t<a href=\"https:\/\/quellhoefle.de\/index.php\/unsere-leistungen\/weg-verwaltung\/\" >\n\t\t\t\t\t\t\tWEG-Verwaltung\t\t\t\t\t\t<\/a>\n\t\t\t\t\t<\/h3>\n\t\t\t\t\n\t\t\t\t\n\t\t\t<\/div>\n\t\t\t\n\t\t<\/div>\n\t\t\t\t\t\t<\/div>\n\t\t\t\t<\/div>\n\t\t\t\t\t<\/div>\n\t\t<\/div>\n\t\t\t\t<div class=\"elementor-column elementor-col-25 elementor-inner-column elementor-element elementor-element-459fec3a\" data-id=\"459fec3a\" data-element_type=\"column\" data-e-type=\"column\">\n\t\t\t<div class=\"elementor-widget-wrap elementor-element-populated\">\n\t\t\t\t\t\t<div class=\"elementor-element elementor-element-57c7bcf8 elementor-view-stacked elementor-shape-circle elementor-position-block-start elementor-mobile-position-block-start elementor-widget elementor-widget-icon-box\" data-id=\"57c7bcf8\" data-element_type=\"widget\" data-e-type=\"widget\" data-widget_type=\"icon-box.default\">\n\t\t\t\t<div class=\"elementor-widget-container\">\n\t\t\t\t\t\t\t<div class=\"elementor-icon-box-wrapper\">\n\n\t\t\t\t\t\t<div class=\"elementor-icon-box-icon\">\n\t\t\t\t<a href=\"https:\/\/quellhoefle.de\/index.php\/unsere-leistungen\/mietverwaltung\/\" class=\"elementor-icon\" tabindex=\"-1\" aria-label=\"Mietverwaltung\">\n\t\t\t\t<i aria-hidden=\"true\" class=\"far fa-address-book\"><\/i>\t\t\t\t<\/a>\n\t\t\t<\/div>\n\t\t\t\n\t\t\t\t\t\t<div class=\"elementor-icon-box-content\">\n\n\t\t\t\t\t\t\t\t\t<h3 class=\"elementor-icon-box-title\">\n\t\t\t\t\t\t<a href=\"https:\/\/quellhoefle.de\/index.php\/unsere-leistungen\/mietverwaltung\/\" >\n\t\t\t\t\t\t\tMietverwaltung\t\t\t\t\t\t<\/a>\n\t\t\t\t\t<\/h3>\n\t\t\t\t\n\t\t\t\t\n\t\t\t<\/div>\n\t\t\t\n\t\t<\/div>\n\t\t\t\t\t\t<\/div>\n\t\t\t\t<\/div>\n\t\t\t\t\t<\/div>\n\t\t<\/div>\n\t\t\t\t<div class=\"elementor-column elementor-col-25 elementor-inner-column elementor-element elementor-element-5e22682e\" data-id=\"5e22682e\" data-element_type=\"column\" data-e-type=\"column\">\n\t\t\t<div class=\"elementor-widget-wrap elementor-element-populated\">\n\t\t\t\t\t\t<div class=\"elementor-element elementor-element-9b612d elementor-view-stacked elementor-shape-circle elementor-position-block-start elementor-mobile-position-block-start elementor-widget elementor-widget-icon-box\" data-id=\"9b612d\" data-element_type=\"widget\" data-e-type=\"widget\" data-widget_type=\"icon-box.default\">\n\t\t\t\t<div class=\"elementor-widget-container\">\n\t\t\t\t\t\t\t<div class=\"elementor-icon-box-wrapper\">\n\n\t\t\t\t\t\t<div class=\"elementor-icon-box-icon\">\n\t\t\t\t<a href=\"https:\/\/quellhoefle.de\/index.php\/unsere-leistungen\/gewerbeverwaltung\/\" class=\"elementor-icon\" tabindex=\"-1\" aria-label=\"Gewerbeverwaltung\">\n\t\t\t\t<i aria-hidden=\"true\" class=\"fas fa-warehouse\"><\/i>\t\t\t\t<\/a>\n\t\t\t<\/div>\n\t\t\t\n\t\t\t\t\t\t<div class=\"elementor-icon-box-content\">\n\n\t\t\t\t\t\t\t\t\t<h3 class=\"elementor-icon-box-title\">\n\t\t\t\t\t\t<a href=\"https:\/\/quellhoefle.de\/index.php\/unsere-leistungen\/gewerbeverwaltung\/\" >\n\t\t\t\t\t\t\tGewerbeverwaltung\t\t\t\t\t\t<\/a>\n\t\t\t\t\t<\/h3>\n\t\t\t\t\n\t\t\t\t\n\t\t\t<\/div>\n\t\t\t\n\t\t<\/div>\n\t\t\t\t\t\t<\/div>\n\t\t\t\t<\/div>\n\t\t\t\t\t<\/div>\n\t\t<\/div>\n\t\t\t\t<div class=\"elementor-column elementor-col-25 elementor-inner-column elementor-element elementor-element-3cbcd235\" data-id=\"3cbcd235\" data-element_type=\"column\" data-e-type=\"column\">\n\t\t\t<div class=\"elementor-widget-wrap elementor-element-populated\">\n\t\t\t\t\t\t<div class=\"elementor-element elementor-element-3149dfdd elementor-view-stacked elementor-shape-circle elementor-position-block-start elementor-mobile-position-block-start elementor-widget elementor-widget-icon-box\" data-id=\"3149dfdd\" data-element_type=\"widget\" data-e-type=\"widget\" data-widget_type=\"icon-box.default\">\n\t\t\t\t<div class=\"elementor-widget-container\">\n\t\t\t\t\t\t\t<div class=\"elementor-icon-box-wrapper\">\n\n\t\t\t\t\t\t<div class=\"elementor-icon-box-icon\">\n\t\t\t\t<a href=\"https:\/\/quellhoefle.de\/index.php\/unsere-leistungen\/facility-management\/\" class=\"elementor-icon\" tabindex=\"-1\" aria-label=\"Facility Management\">\n\t\t\t\t<i aria-hidden=\"true\" class=\"fas fa-lightbulb\"><\/i>\t\t\t\t<\/a>\n\t\t\t<\/div>\n\t\t\t\n\t\t\t\t\t\t<div class=\"elementor-icon-box-content\">\n\n\t\t\t\t\t\t\t\t\t<h3 class=\"elementor-icon-box-title\">\n\t\t\t\t\t\t<a href=\"https:\/\/quellhoefle.de\/index.php\/unsere-leistungen\/facility-management\/\" >\n\t\t\t\t\t\t\tFacility Management\t\t\t\t\t\t<\/a>\n\t\t\t\t\t<\/h3>\n\t\t\t\t\n\t\t\t\t\n\t\t\t<\/div>\n\t\t\t\n\t\t<\/div>\n\t\t\t\t\t\t<\/div>\n\t\t\t\t<\/div>\n\t\t\t\t\t<\/div>\n\t\t<\/div>\n\t\t\t\t\t<\/div>\n\t\t<\/section>\n\t\t\t\t<div class=\"elementor-element elementor-element-74f0f19e elementor-widget-divider--view-line elementor-widget elementor-widget-divider\" data-id=\"74f0f19e\" data-element_type=\"widget\" data-e-type=\"widget\" data-widget_type=\"divider.default\">\n\t\t\t\t<div class=\"elementor-widget-container\">\n\t\t\t\t\t\t\t<div class=\"elementor-divider\">\n\t\t\t<span class=\"elementor-divider-separator\">\n\t\t\t\t\t\t<\/span>\n\t\t<\/div>\n\t\t\t\t\t\t<\/div>\n\t\t\t\t<\/div>\n\t\t\t\t<div class=\"elementor-element elementor-element-72d558b7 elementor-position-inline-start elementor-view-default elementor-mobile-position-block-start elementor-widget elementor-widget-icon-box\" data-id=\"72d558b7\" data-element_type=\"widget\" data-e-type=\"widget\" data-widget_type=\"icon-box.default\">\n\t\t\t\t<div class=\"elementor-widget-container\">\n\t\t\t\t\t\t\t<div class=\"elementor-icon-box-wrapper\">\n\n\t\t\t\t\t\t<div class=\"elementor-icon-box-icon\">\n\t\t\t\t<span  class=\"elementor-icon\">\n\t\t\t\t<svg xmlns=\"http:\/\/www.w3.org\/2000\/svg\" id=\"Ebene_1\" data-name=\"Ebene 1\" viewBox=\"0 0 91.67 235.45\"><defs><style>.cls-1{fill:#ca181a;}<\/style><\/defs><title>dreieck<\/title><polygon class=\"cls-1\" points=\"0 235.45 91.67 117.73 0 0 0 235.45\"><\/polygon><\/svg>\t\t\t\t<\/span>\n\t\t\t<\/div>\n\t\t\t\n\t\t\t\t\t\t<div class=\"elementor-icon-box-content\">\n\n\t\t\t\t\t\t\t\t\t<h1 class=\"elementor-icon-box-title\">\n\t\t\t\t\t\t<span  >\n\t\t\t\t\t\t\tMietverwaltung\t\t\t\t\t\t<\/span>\n\t\t\t\t\t<\/h1>\n\t\t\t\t\n\t\t\t\t\n\t\t\t<\/div>\n\t\t\t\n\t\t<\/div>\n\t\t\t\t\t\t<\/div>\n\t\t\t\t<\/div>\n\t\t\t\t<div class=\"elementor-element elementor-element-63c01b83 elementor-widget elementor-widget-text-editor\" data-id=\"63c01b83\" data-element_type=\"widget\" data-e-type=\"widget\" data-widget_type=\"text-editor.default\">\n\t\t\t\t<div class=\"elementor-widget-container\">\n\t\t\t\t\t\t\t\t\t<p>Au\u00dfer der Verwaltung Ihrer Eigentumsanlage \u00fcbernehmen wir auch deren Vermietung mit allen dazu geh\u00f6rigen T\u00e4tigkeiten.<\/p>\n<p>Dies schlie\u00dft die komplette Bearbeitung, wie Begr\u00fcndung, Durchf\u00fchrung und Abwicklung eines Mietverh\u00e4ltnisses ein.<\/p>\n<p>Dabei erledigen wir s\u00e4mtliche zur ordnungsgem\u00e4\u00dfen Bewirtschaftung einer Immobilie erforderlichen Gesch\u00e4fte, wie z.B. Versicherungsschutz, Wartungsvertr\u00e4ge, Energieeinkauf, Erstellen eines Wirtschaftsplans, Erstellen der Jahresabrechnung.<\/p>\n<p><strong>Unser Leistungsangebot beinhaltet:<\/strong><\/p>\n<ul>\n<li>Ausschreibung frei stehender Wohnungen<\/li>\n<li>Auswahl des Mieters und Abschluss von Mietvertr\u00e4gen<\/li>\n<li>Wohnungs\u00fcbergabe und -abnahme mit Erstellen eines \u00dcbergabeprotokolls<\/li>\n<li>Einzug und Kontrolle der Miete, evtl. Mahnung bei S\u00e4umnissen<\/li>\n<li>Entgegennahme der Mietkaution und deren R\u00fcckgabe bei Beendigung des Mietverh\u00e4ltnisses<\/li>\n<li>Ansprechpartner bei anstehenden Problemen<\/li>\n<li>Durchf\u00fchrung von baulichen Ma\u00dfnahmen zur Instandhaltung und Instandsetzung einschlie\u00dflich Beauftragung und Kontrolle zur Werterhaltung und Wertsteigerung Ihres Objekts<\/li>\n<li>Ermitteln der Heiz- und Warmwasserkosten und Abrechnung mit dem Mieter<\/li>\n<li>Erstellen einer j\u00e4hrlichen Abrechnung<\/li>\n<li>Erstellen einer Hausordnung<\/li>\n<li>Regelm\u00e4\u00dfige Kontrolle des Objekts<\/li>\n<li>Meldung von Sch\u00e4den an die Versicherung<\/li>\n<li>Finanz- und Verm\u00f6gensverwaltung (Rechnungswesen, Buchhaltung, Zahlungsverkehr)<\/li>\n<li>Geldverwaltung<\/li>\n<li>Rechnungskontrolle und -anweisung<\/li>\n<li>Buchf\u00fchrung, getrennt f\u00fcr jede Eigent\u00fcmerschaft<\/li>\n<\/ul>\t\t\t\t\t\t\t\t<\/div>\n\t\t\t\t<\/div>\n\t\t\t\t\t<\/div>\n\t\t<\/div>\n\t\t\t\t\t<\/div>\n\t\t<\/section>\n\t\t\t\t<\/div>\n\t\t","protected":false},"excerpt":{"rendered":"<p>WEG-Verwaltung Mietverwaltung Gewerbeverwaltung Facility Management dreieck Mietverwaltung Au\u00dfer der Verwaltung Ihrer Eigentumsanlage \u00fcbernehmen wir auch deren Vermietung mit allen dazu geh\u00f6rigen T\u00e4tigkeiten. Dies schlie\u00dft die komplette Bearbeitung, wie Begr\u00fcndung, Durchf\u00fchrung und Abwicklung eines Mietverh\u00e4ltnisses ein. Dabei erledigen wir s\u00e4mtliche zur &hellip; <a class=\"kt-excerpt-readmore\" href=\"https:\/\/quellhoefle.de\/index.php\/unsere-leistungen\/mietverwaltung\/\" aria-label=\"Mietverwaltung\">Weiterlesen<\/a><\/p>\n","protected":false},"author":1,"featured_media":0,"parent":17,"menu_order":0,"comment_status":"closed","ping_status":"closed","template":"elementor_header_footer","meta":{"footnotes":""},"class_list":["post-32","page","type-page","status-publish","hentry"],"_links":{"self":[{"href":"https:\/\/quellhoefle.de\/index.php\/wp-json\/wp\/v2\/pages\/32","targetHints":{"allow":["GET"]}}],"collection":[{"href":"https:\/\/quellhoefle.de\/index.php\/wp-json\/wp\/v2\/pages"}],"about":[{"href":"https:\/\/quellhoefle.de\/index.php\/wp-json\/wp\/v2\/types\/page"}],"author":[{"embeddable":true,"href":"https:\/\/quellhoefle.de\/index.php\/wp-json\/wp\/v2\/users\/1"}],"replies":[{"embeddable":true,"href":"https:\/\/quellhoefle.de\/index.php\/wp-json\/wp\/v2\/comments?post=32"}],"version-history":[{"count":0,"href":"https:\/\/quellhoefle.de\/index.php\/wp-json\/wp\/v2\/pages\/32\/revisions"}],"up":[{"embeddable":true,"href":"https:\/\/quellhoefle.de\/index.php\/wp-json\/wp\/v2\/pages\/17"}],"wp:attachment":[{"href":"https:\/\/quellhoefle.de\/index.php\/wp-json\/wp\/v2\/media?parent=32"}],"curies":[{"name":"wp","href":"https:\/\/api.w.org\/{rel}","templated":true}]}}