{"id":43,"date":"2019-06-25T15:18:56","date_gmt":"2019-06-25T13:18:56","guid":{"rendered":"https:\/\/quellhoefle.de\/?page_id=43"},"modified":"2024-01-24T15:15:24","modified_gmt":"2024-01-24T14:15:24","slug":"impressum","status":"publish","type":"page","link":"https:\/\/quellhoefle.de\/index.php\/impressum\/","title":{"rendered":"Impressum"},"content":{"rendered":"\n<h1 class=\"wp-block-heading\">Impressum<\/h1>\n\n\n\n<p><strong>Quellh\u00f6fle GmbH<\/strong><\/p>\n\n\n\n<p>Gesch\u00e4ftsf\u00fchrer: Tilmann Rothweiler&nbsp;<\/p>\n\n\n\n<p>Alte Wolterdinger Stra\u00dfe 13a<br>78166 Donaueschingen<\/p>\n\n\n\n<p>Telefon: (07 71) 43 63<\/p>\n\n\n\n<p>Mail:&nbsp;info@quellhoefle.de<br>Web:&nbsp;www.quellhoefle.de<\/p>\n\n\n\n<p><strong>Sitz der Gesellschaft<br><\/strong>Donaueschingen<\/p>\n\n\n\n<p><strong>Steuernummer<\/strong><br>22107\/00700<\/p>\n\n\n\n<p><\/p>\n\n\n\n<p><strong>Handelsregistereintrag<\/strong><br>Amtsgericht Freiburg<br>HRB-Nr. 611419<\/p>\n\n\n\n<p><strong>Verantwortlich f\u00fcr den Inhalt<br><\/strong>Tilmann Rothweiler&nbsp;<\/p>\n\n\n\n<p><strong>Haftungshinweis<\/strong><br>Trotz sorgf\u00e4ltiger inhaltlicher Kontrolle \u00fcbernehmen wir keine Haftung f\u00fcr die Inhalte externer Links. F\u00fcr den Inhalt der verlinkten Seiten sind ausschlie\u00dflich deren Betreiber verantwortlich.<br>Quellh\u00f6fle GmbH ist bem\u00fcht, ihr Web-Angebot stets aktuell und inhaltlich richtig sowie vollst\u00e4ndig anzubieten. Dennoch ist das Auftreten von Fehlern nicht v\u00f6llig auszuschlie\u00dfen.<br>Quellh\u00f6fle GmbH \u00fcbernimmt keine Haftung f\u00fcr die Aktualit\u00e4t, die inhaltliche Richtigkeit sowie f\u00fcr die Vollst\u00e4ndigkeit der in ihrem Web-Angebot eingestellten Informationen, es sei denn die Fehler wurden vors\u00e4tzlich oder grob fahrl\u00e4ssig aufgenommen. Dies bezieht sich auf eventuelle Sch\u00e4den materieller oder ideeller Art Dritter, die durch die Nutzung dieses Web-Angebots verursacht wurden.<\/p>\n\n\n\n<p><strong>Au\u00dfergerichtliche Streitbeilegung<br><\/strong>Wir nehmen nicht an einem Streitbeilegungsverfahren vor einer Verbraucherstreitschlichtungsstelle teil.<\/p>\n\n\n\n<p><strong>Nutzungshinweis<\/strong><br>Copyright \u00a9 2021 Quellh\u00f6fle GmbH GmbH<br><\/p>\n\n\n\n<p>Alle Rechte vorbehalten. Die Urheberrechte dieser Web-Site liegen vollst\u00e4ndig bei Quellh\u00f6fle GmbH. Es ist nicht gestattet Bildmaterial wie Textmaterial dieser Web-Seite zu kopieren, vertreiben und zu vervielf\u00e4ltigen.<\/p>\n\n\n\n<p><strong>Idee und Realisierung<br><\/strong>Di2 Ideenschmiede<br><a href=\"https:\/\/www.di2.de\" target=\"_blank\" rel=\"noreferrer noopener\">www.di2.de&nbsp;<\/a>\u2022&nbsp;<a href=\"mailto:web@di2.de\" target=\"_blank\" rel=\"noreferrer noopener\">web@di2.de<\/a><\/p>\n\n\n\n<p><\/p>\n","protected":false},"excerpt":{"rendered":"<p>Impressum Quellh\u00f6fle GmbH Gesch\u00e4ftsf\u00fchrer: Tilmann Rothweiler&nbsp; Alte Wolterdinger Stra\u00dfe 13a78166 Donaueschingen Telefon: (07 71) 43 63 Mail:&nbsp;info@quellhoefle.deWeb:&nbsp;www.quellhoefle.de Sitz der GesellschaftDonaueschingen Steuernummer22107\/00700 HandelsregistereintragAmtsgericht FreiburgHRB-Nr. 611419 Verantwortlich f\u00fcr den InhaltTilmann Rothweiler&nbsp; HaftungshinweisTrotz sorgf\u00e4ltiger inhaltlicher Kontrolle \u00fcbernehmen wir keine Haftung f\u00fcr die Inhalte &hellip; <a class=\"kt-excerpt-readmore\" href=\"https:\/\/quellhoefle.de\/index.php\/impressum\/\" aria-label=\"Impressum\">Weiterlesen<\/a><\/p>\n","protected":false},"author":1,"featured_media":0,"parent":0,"menu_order":0,"comment_status":"closed","ping_status":"closed","template":"page-fullwidth.php","meta":{"footnotes":""},"class_list":["post-43","page","type-page","status-publish","hentry"],"_links":{"self":[{"href":"https:\/\/quellhoefle.de\/index.php\/wp-json\/wp\/v2\/pages\/43","targetHints":{"allow":["GET"]}}],"collection":[{"href":"https:\/\/quellhoefle.de\/index.php\/wp-json\/wp\/v2\/pages"}],"about":[{"href":"https:\/\/quellhoefle.de\/index.php\/wp-json\/wp\/v2\/types\/page"}],"author":[{"embeddable":true,"href":"https:\/\/quellhoefle.de\/index.php\/wp-json\/wp\/v2\/users\/1"}],"replies":[{"embeddable":true,"href":"https:\/\/quellhoefle.de\/index.php\/wp-json\/wp\/v2\/comments?post=43"}],"version-history":[{"count":0,"href":"https:\/\/quellhoefle.de\/index.php\/wp-json\/wp\/v2\/pages\/43\/revisions"}],"wp:attachment":[{"href":"https:\/\/quellhoefle.de\/index.php\/wp-json\/wp\/v2\/media?parent=43"}],"curies":[{"name":"wp","href":"https:\/\/api.w.org\/{rel}","templated":true}]}}